{"id":285,"date":"2020-08-17T16:14:31","date_gmt":"2020-08-17T16:14:31","guid":{"rendered":"https:\/\/demo.creativethemes.com\/blocksy\/business\/?page_id=285"},"modified":"2024-04-12T11:32:23","modified_gmt":"2024-04-12T14:32:23","slug":"contact","status":"publish","type":"page","link":"https:\/\/saudeeatitude.com\/index.php\/contact\/","title":{"rendered":"Contato"},"content":{"rendered":"<p><strong>Bem vindo<\/strong><\/p>\n<h2>Ol\u00e1! Seja muito bem-vindo(a) \u00e0 p\u00e1gina de contato do blog Sa\u00fade e Atitude. Ficamos felizes em saber que voc\u00ea quer entrar em contato conosco.<\/h2>\n<h2>Contato<\/h2>\n<p align=\"justify\">N\u00f3s somos um blog novo, criado em 2024, com o objetivo de trazer informa\u00e7\u00f5es relevantes e de qualidade sobre alimenta\u00e7\u00e3o saud\u00e1vel, estilo de vida, h\u00e1bitos, exerc\u00edcios, bem-estar, mente e esp\u00edrito. Nossa miss\u00e3o \u00e9 ajudar voc\u00ea a viver uma vida mais equilibrada e feliz.<\/p>\n<p align=\"justify\">Queremos muito ouvir o que voc\u00ea tem a dizer! Sua opini\u00e3o, sugest\u00f5es, d\u00favidas e coment\u00e1rios s\u00e3o muito importantes para n\u00f3s. Afinal, \u00e9 para voc\u00ea que escrevemos e \u00e9 pensando em voc\u00ea que buscamos sempre melhorar.<\/p>\n<p align=\"justify\">Nosso e-mail: conexaweb1@gmail.com.br.<\/p>\n<p align=\"justify\">Lembre-se: aqui no Sa\u00fade e Atitude, voc\u00ea encontra um espa\u00e7o acolhedor, com informa\u00e7\u00f5es confi\u00e1veis e de qualidade para te ajudar a viver uma vida mais saud\u00e1vel e feliz.<\/p>\n<p align=\"justify\">At\u00e9 logo!<\/p>\n<p align=\"justify\">Equipe Sa\u00fade e Atitude<\/p>\n","protected":false},"excerpt":{"rendered":"<p>Bem vindo Ol\u00e1! Seja muito bem-vindo(a) \u00e0 p\u00e1gina de contato do blog Sa\u00fade e Atitude. Ficamos felizes em saber que voc\u00ea quer entrar em contato conosco. Contato N\u00f3s somos um blog novo, criado em 2024, com o objetivo de trazer informa\u00e7\u00f5es relevantes e de qualidade sobre alimenta\u00e7\u00e3o saud\u00e1vel, estilo de vida, h\u00e1bitos, exerc\u00edcios, bem-estar, mente &#8230; <a title=\"Contato\" class=\"read-more\" href=\"https:\/\/saudeeatitude.com\/index.php\/contact\/\" aria-label=\"Read more about Contato\">Ler mais<\/a><\/p>\n","protected":false},"author":1,"featured_media":0,"parent":0,"menu_order":0,"comment_status":"closed","ping_status":"closed","template":"","meta":{"footnotes":""},"class_list":["post-285","page","type-page","status-publish"],"yoast_head":"<!-- This site is optimized with the Yoast SEO plugin v27.5 - https:\/\/yoast.com\/product\/yoast-seo-wordpress\/ -->\n<title>Contato - Sa\u00fade e Atitude<\/title>\n<meta name=\"robots\" content=\"index, follow, max-snippet:-1, max-image-preview:large, max-video-preview:-1\" \/>\n<link rel=\"canonical\" href=\"https:\/\/saudeeatitude.com\/index.php\/contact\/\" \/>\n<meta property=\"og:locale\" content=\"pt_BR\" \/>\n<meta property=\"og:type\" content=\"article\" \/>\n<meta property=\"og:title\" content=\"Contato - Sa\u00fade e Atitude\" \/>\n<meta property=\"og:description\" content=\"Bem vindo Ol\u00e1! Seja muito bem-vindo(a) \u00e0 p\u00e1gina de contato do blog Sa\u00fade e Atitude. Ficamos felizes em saber que voc\u00ea quer entrar em contato conosco. Contato N\u00f3s somos um blog novo, criado em 2024, com o objetivo de trazer informa\u00e7\u00f5es relevantes e de qualidade sobre alimenta\u00e7\u00e3o saud\u00e1vel, estilo de vida, h\u00e1bitos, exerc\u00edcios, bem-estar, mente ... Ler mais\" \/>\n<meta property=\"og:url\" content=\"https:\/\/saudeeatitude.com\/index.php\/contact\/\" \/>\n<meta property=\"og:site_name\" content=\"Sa\u00fade e Atitude\" \/>\n<meta property=\"article:modified_time\" content=\"2024-04-12T14:32:23+00:00\" \/>\n<meta name=\"twitter:card\" content=\"summary_large_image\" \/>\n<meta name=\"twitter:label1\" content=\"Est. tempo de leitura\" \/>\n\t<meta name=\"twitter:data1\" content=\"1 minuto\" \/>\n<script type=\"application\/ld+json\" class=\"yoast-schema-graph\">{\"@context\":\"https:\\\/\\\/schema.org\",\"@graph\":[{\"@type\":\"WebPage\",\"@id\":\"https:\\\/\\\/saudeeatitude.com\\\/index.php\\\/contact\\\/\",\"url\":\"https:\\\/\\\/saudeeatitude.com\\\/index.php\\\/contact\\\/\",\"name\":\"Contato - Sa\u00fade e Atitude\",\"isPartOf\":{\"@id\":\"https:\\\/\\\/saudeeatitude.com\\\/#website\"},\"datePublished\":\"2020-08-17T16:14:31+00:00\",\"dateModified\":\"2024-04-12T14:32:23+00:00\",\"breadcrumb\":{\"@id\":\"https:\\\/\\\/saudeeatitude.com\\\/index.php\\\/contact\\\/#breadcrumb\"},\"inLanguage\":\"pt-BR\",\"potentialAction\":[{\"@type\":\"ReadAction\",\"target\":[\"https:\\\/\\\/saudeeatitude.com\\\/index.php\\\/contact\\\/\"]}]},{\"@type\":\"BreadcrumbList\",\"@id\":\"https:\\\/\\\/saudeeatitude.com\\\/index.php\\\/contact\\\/#breadcrumb\",\"itemListElement\":[{\"@type\":\"ListItem\",\"position\":1,\"name\":\"In\u00edcio\",\"item\":\"https:\\\/\\\/saudeeatitude.com\\\/\"},{\"@type\":\"ListItem\",\"position\":2,\"name\":\"Contato\"}]},{\"@type\":\"WebSite\",\"@id\":\"https:\\\/\\\/saudeeatitude.com\\\/#website\",\"url\":\"https:\\\/\\\/saudeeatitude.com\\\/\",\"name\":\"Sa\u00fade e Atitude\",\"description\":\"\",\"publisher\":{\"@id\":\"https:\\\/\\\/saudeeatitude.com\\\/#organization\"},\"potentialAction\":[{\"@type\":\"SearchAction\",\"target\":{\"@type\":\"EntryPoint\",\"urlTemplate\":\"https:\\\/\\\/saudeeatitude.com\\\/?s={search_term_string}\"},\"query-input\":{\"@type\":\"PropertyValueSpecification\",\"valueRequired\":true,\"valueName\":\"search_term_string\"}}],\"inLanguage\":\"pt-BR\"},{\"@type\":\"Organization\",\"@id\":\"https:\\\/\\\/saudeeatitude.com\\\/#organization\",\"name\":\"Sa\u00fade e Atitude\",\"url\":\"https:\\\/\\\/saudeeatitude.com\\\/\",\"logo\":{\"@type\":\"ImageObject\",\"inLanguage\":\"pt-BR\",\"@id\":\"https:\\\/\\\/saudeeatitude.com\\\/#\\\/schema\\\/logo\\\/image\\\/\",\"url\":\"https:\\\/\\\/saudeeatitude.com\\\/wp-content\\\/uploads\\\/2024\\\/04\\\/Design-sem-nome-18.png\",\"contentUrl\":\"https:\\\/\\\/saudeeatitude.com\\\/wp-content\\\/uploads\\\/2024\\\/04\\\/Design-sem-nome-18.png\",\"width\":300,\"height\":100,\"caption\":\"Sa\u00fade e Atitude\"},\"image\":{\"@id\":\"https:\\\/\\\/saudeeatitude.com\\\/#\\\/schema\\\/logo\\\/image\\\/\"}}]}<\/script>\n<!-- \/ Yoast SEO plugin. -->","yoast_head_json":{"title":"Contato - Sa\u00fade e Atitude","robots":{"index":"index","follow":"follow","max-snippet":"max-snippet:-1","max-image-preview":"max-image-preview:large","max-video-preview":"max-video-preview:-1"},"canonical":"https:\/\/saudeeatitude.com\/index.php\/contact\/","og_locale":"pt_BR","og_type":"article","og_title":"Contato - Sa\u00fade e Atitude","og_description":"Bem vindo Ol\u00e1! Seja muito bem-vindo(a) \u00e0 p\u00e1gina de contato do blog Sa\u00fade e Atitude. Ficamos felizes em saber que voc\u00ea quer entrar em contato conosco. Contato N\u00f3s somos um blog novo, criado em 2024, com o objetivo de trazer informa\u00e7\u00f5es relevantes e de qualidade sobre alimenta\u00e7\u00e3o saud\u00e1vel, estilo de vida, h\u00e1bitos, exerc\u00edcios, bem-estar, mente ... Ler mais","og_url":"https:\/\/saudeeatitude.com\/index.php\/contact\/","og_site_name":"Sa\u00fade e Atitude","article_modified_time":"2024-04-12T14:32:23+00:00","twitter_card":"summary_large_image","twitter_misc":{"Est. tempo de leitura":"1 minuto"},"schema":{"@context":"https:\/\/schema.org","@graph":[{"@type":"WebPage","@id":"https:\/\/saudeeatitude.com\/index.php\/contact\/","url":"https:\/\/saudeeatitude.com\/index.php\/contact\/","name":"Contato - Sa\u00fade e Atitude","isPartOf":{"@id":"https:\/\/saudeeatitude.com\/#website"},"datePublished":"2020-08-17T16:14:31+00:00","dateModified":"2024-04-12T14:32:23+00:00","breadcrumb":{"@id":"https:\/\/saudeeatitude.com\/index.php\/contact\/#breadcrumb"},"inLanguage":"pt-BR","potentialAction":[{"@type":"ReadAction","target":["https:\/\/saudeeatitude.com\/index.php\/contact\/"]}]},{"@type":"BreadcrumbList","@id":"https:\/\/saudeeatitude.com\/index.php\/contact\/#breadcrumb","itemListElement":[{"@type":"ListItem","position":1,"name":"In\u00edcio","item":"https:\/\/saudeeatitude.com\/"},{"@type":"ListItem","position":2,"name":"Contato"}]},{"@type":"WebSite","@id":"https:\/\/saudeeatitude.com\/#website","url":"https:\/\/saudeeatitude.com\/","name":"Sa\u00fade e Atitude","description":"","publisher":{"@id":"https:\/\/saudeeatitude.com\/#organization"},"potentialAction":[{"@type":"SearchAction","target":{"@type":"EntryPoint","urlTemplate":"https:\/\/saudeeatitude.com\/?s={search_term_string}"},"query-input":{"@type":"PropertyValueSpecification","valueRequired":true,"valueName":"search_term_string"}}],"inLanguage":"pt-BR"},{"@type":"Organization","@id":"https:\/\/saudeeatitude.com\/#organization","name":"Sa\u00fade e Atitude","url":"https:\/\/saudeeatitude.com\/","logo":{"@type":"ImageObject","inLanguage":"pt-BR","@id":"https:\/\/saudeeatitude.com\/#\/schema\/logo\/image\/","url":"https:\/\/saudeeatitude.com\/wp-content\/uploads\/2024\/04\/Design-sem-nome-18.png","contentUrl":"https:\/\/saudeeatitude.com\/wp-content\/uploads\/2024\/04\/Design-sem-nome-18.png","width":300,"height":100,"caption":"Sa\u00fade e Atitude"},"image":{"@id":"https:\/\/saudeeatitude.com\/#\/schema\/logo\/image\/"}}]}},"_links":{"self":[{"href":"https:\/\/saudeeatitude.com\/index.php\/wp-json\/wp\/v2\/pages\/285","targetHints":{"allow":["GET"]}}],"collection":[{"href":"https:\/\/saudeeatitude.com\/index.php\/wp-json\/wp\/v2\/pages"}],"about":[{"href":"https:\/\/saudeeatitude.com\/index.php\/wp-json\/wp\/v2\/types\/page"}],"author":[{"embeddable":true,"href":"https:\/\/saudeeatitude.com\/index.php\/wp-json\/wp\/v2\/users\/1"}],"replies":[{"embeddable":true,"href":"https:\/\/saudeeatitude.com\/index.php\/wp-json\/wp\/v2\/comments?post=285"}],"version-history":[{"count":10,"href":"https:\/\/saudeeatitude.com\/index.php\/wp-json\/wp\/v2\/pages\/285\/revisions"}],"predecessor-version":[{"id":872,"href":"https:\/\/saudeeatitude.com\/index.php\/wp-json\/wp\/v2\/pages\/285\/revisions\/872"}],"wp:attachment":[{"href":"https:\/\/saudeeatitude.com\/index.php\/wp-json\/wp\/v2\/media?parent=285"}],"curies":[{"name":"wp","href":"https:\/\/api.w.org\/{rel}","templated":true}]}}