{"id":827,"date":"2024-04-12T11:13:40","date_gmt":"2024-04-12T14:13:40","guid":{"rendered":"https:\/\/saudeeatitude.com\/?page_id=827"},"modified":"2024-04-12T11:13:40","modified_gmt":"2024-04-12T14:13:40","slug":"politica-de-cookies","status":"publish","type":"page","link":"https:\/\/saudeeatitude.com\/index.php\/politica-de-cookies\/","title":{"rendered":"Politica de Cookies"},"content":{"rendered":"\n<p>Pol\u00edtica de Cookies &#8211; Sa\u00fade e Atitude<\/p>\n\n\n\n<p>O blog Sa\u00fade e Atitude usa cookies para melhorar sua experi\u00eancia de navega\u00e7\u00e3o em nosso site. Esta pol\u00edtica explica o que s\u00e3o cookies, como os usamos e como voc\u00ea pode control\u00e1-los.<\/p>\n\n\n\n<ol class=\"wp-block-list\">\n<li>O que s\u00e3o Cookies? Cookies s\u00e3o pequenos arquivos de texto que s\u00e3o colocados no seu computador por sites que voc\u00ea visita. Eles s\u00e3o amplamente usados para fazer os sites funcionarem, ou funcionarem de forma mais eficiente, bem como para fornecer informa\u00e7\u00f5es aos propriet\u00e1rios do site.<\/li>\n\n\n\n<li>Como Usamos os Cookies N\u00f3s usamos cookies para v\u00e1rias finalidades, incluindo:<\/li>\n<\/ol>\n\n\n\n<ul class=\"wp-block-list\">\n<li>Analisar nosso tr\u00e1fego e dados de uso para melhorar nosso blog.<\/li>\n\n\n\n<li>Armazenar suas prefer\u00eancias, como suas configura\u00e7\u00f5es de idioma ou tamanho de fonte.<\/li>\n\n\n\n<li>Permitir que voc\u00ea compartilhe conte\u00fado nas redes sociais.<\/li>\n\n\n\n<li>Personalizar seu conte\u00fado e an\u00fancios.<\/li>\n<\/ul>\n\n\n\n<ol class=\"wp-block-list\" start=\"3\">\n<li>Tipos de Cookies que Usamos<\/li>\n<\/ol>\n\n\n\n<ul class=\"wp-block-list\">\n<li>Cookies Essenciais: Estes s\u00e3o cookies que s\u00e3o necess\u00e1rios para o funcionamento de nosso site.<\/li>\n\n\n\n<li>Cookies Anal\u00edticos: Estes nos permitem reconhecer e contar o n\u00famero de visitantes e ver como os visitantes se movimentam em nosso site quando o est\u00e3o usando. Isso nos ajuda a melhorar a forma como nosso site funciona.<\/li>\n\n\n\n<li>Cookies Funcionais: Estes s\u00e3o usados para reconhec\u00ea-lo quando voc\u00ea retorna ao nosso site. Isso nos permite personalizar nosso conte\u00fado para voc\u00ea e lembrar suas prefer\u00eancias.<\/li>\n\n\n\n<li>Cookies de Publicidade: Estes cookies registram sua visita ao nosso site, as p\u00e1ginas que voc\u00ea visitou e os links que voc\u00ea seguiu. Usaremos essas informa\u00e7\u00f5es para tornar nosso site e a publicidade exibida nele mais relevantes para seus interesses.<\/li>\n<\/ul>\n\n\n\n<ol class=\"wp-block-list\" start=\"4\">\n<li>Controle de Cookies Voc\u00ea pode controlar e\/ou excluir cookies conforme desejar. Voc\u00ea pode excluir todos os cookies que j\u00e1 est\u00e3o no seu computador e pode configurar a maioria dos navegadores para impedir que eles sejam colocados. No entanto, se voc\u00ea fizer isso, talvez tenha que ajustar manualmente algumas prefer\u00eancias cada vez que visitar um site.<\/li>\n<\/ol>\n\n\n\n<p>Se voc\u00ea tiver alguma d\u00favida sobre nossa Pol\u00edtica de Cookies, por favor, entre em contato conosco atrav\u00e9s da nossa p\u00e1gina de contato.<\/p>\n\n\n\n<p>Equipe Sa\u00fade e Atitude<\/p>\n","protected":false},"excerpt":{"rendered":"<p>Pol\u00edtica de Cookies &#8211; Sa\u00fade e Atitude O blog Sa\u00fade e Atitude usa cookies para melhorar sua experi\u00eancia de navega\u00e7\u00e3o em nosso site. Esta pol\u00edtica explica o que s\u00e3o cookies, como os usamos e como voc\u00ea pode control\u00e1-los. Se voc\u00ea tiver alguma d\u00favida sobre nossa Pol\u00edtica de Cookies, por favor, entre em contato conosco atrav\u00e9s &#8230; <a title=\"Politica de Cookies\" class=\"read-more\" href=\"https:\/\/saudeeatitude.com\/index.php\/politica-de-cookies\/\" aria-label=\"Read more about Politica de Cookies\">Ler mais<\/a><\/p>\n","protected":false},"author":1,"featured_media":0,"parent":0,"menu_order":0,"comment_status":"closed","ping_status":"closed","template":"","meta":{"footnotes":""},"class_list":["post-827","page","type-page","status-publish"],"yoast_head":"<!-- This site is optimized with the Yoast SEO plugin v27.5 - https:\/\/yoast.com\/product\/yoast-seo-wordpress\/ -->\n<title>Politica de Cookies - Sa\u00fade e Atitude<\/title>\n<meta name=\"robots\" content=\"index, follow, max-snippet:-1, max-image-preview:large, max-video-preview:-1\" \/>\n<link rel=\"canonical\" href=\"https:\/\/saudeeatitude.com\/index.php\/politica-de-cookies\/\" \/>\n<meta property=\"og:locale\" content=\"pt_BR\" \/>\n<meta property=\"og:type\" content=\"article\" \/>\n<meta property=\"og:title\" content=\"Politica de Cookies - Sa\u00fade e Atitude\" \/>\n<meta property=\"og:description\" content=\"Pol\u00edtica de Cookies &#8211; Sa\u00fade e Atitude O blog Sa\u00fade e Atitude usa cookies para melhorar sua experi\u00eancia de navega\u00e7\u00e3o em nosso site. Esta pol\u00edtica explica o que s\u00e3o cookies, como os usamos e como voc\u00ea pode control\u00e1-los. Se voc\u00ea tiver alguma d\u00favida sobre nossa Pol\u00edtica de Cookies, por favor, entre em contato conosco atrav\u00e9s ... Ler mais\" \/>\n<meta property=\"og:url\" content=\"https:\/\/saudeeatitude.com\/index.php\/politica-de-cookies\/\" \/>\n<meta property=\"og:site_name\" content=\"Sa\u00fade e Atitude\" \/>\n<meta name=\"twitter:card\" content=\"summary_large_image\" \/>\n<meta name=\"twitter:label1\" content=\"Est. tempo de leitura\" \/>\n\t<meta name=\"twitter:data1\" content=\"2 minutos\" \/>\n<script type=\"application\/ld+json\" class=\"yoast-schema-graph\">{\"@context\":\"https:\\\/\\\/schema.org\",\"@graph\":[{\"@type\":\"WebPage\",\"@id\":\"https:\\\/\\\/saudeeatitude.com\\\/index.php\\\/politica-de-cookies\\\/\",\"url\":\"https:\\\/\\\/saudeeatitude.com\\\/index.php\\\/politica-de-cookies\\\/\",\"name\":\"Politica de Cookies - Sa\u00fade e Atitude\",\"isPartOf\":{\"@id\":\"https:\\\/\\\/saudeeatitude.com\\\/#website\"},\"datePublished\":\"2024-04-12T14:13:40+00:00\",\"breadcrumb\":{\"@id\":\"https:\\\/\\\/saudeeatitude.com\\\/index.php\\\/politica-de-cookies\\\/#breadcrumb\"},\"inLanguage\":\"pt-BR\",\"potentialAction\":[{\"@type\":\"ReadAction\",\"target\":[\"https:\\\/\\\/saudeeatitude.com\\\/index.php\\\/politica-de-cookies\\\/\"]}]},{\"@type\":\"BreadcrumbList\",\"@id\":\"https:\\\/\\\/saudeeatitude.com\\\/index.php\\\/politica-de-cookies\\\/#breadcrumb\",\"itemListElement\":[{\"@type\":\"ListItem\",\"position\":1,\"name\":\"In\u00edcio\",\"item\":\"https:\\\/\\\/saudeeatitude.com\\\/\"},{\"@type\":\"ListItem\",\"position\":2,\"name\":\"Politica de Cookies\"}]},{\"@type\":\"WebSite\",\"@id\":\"https:\\\/\\\/saudeeatitude.com\\\/#website\",\"url\":\"https:\\\/\\\/saudeeatitude.com\\\/\",\"name\":\"Sa\u00fade e Atitude\",\"description\":\"\",\"publisher\":{\"@id\":\"https:\\\/\\\/saudeeatitude.com\\\/#organization\"},\"potentialAction\":[{\"@type\":\"SearchAction\",\"target\":{\"@type\":\"EntryPoint\",\"urlTemplate\":\"https:\\\/\\\/saudeeatitude.com\\\/?s={search_term_string}\"},\"query-input\":{\"@type\":\"PropertyValueSpecification\",\"valueRequired\":true,\"valueName\":\"search_term_string\"}}],\"inLanguage\":\"pt-BR\"},{\"@type\":\"Organization\",\"@id\":\"https:\\\/\\\/saudeeatitude.com\\\/#organization\",\"name\":\"Sa\u00fade e Atitude\",\"url\":\"https:\\\/\\\/saudeeatitude.com\\\/\",\"logo\":{\"@type\":\"ImageObject\",\"inLanguage\":\"pt-BR\",\"@id\":\"https:\\\/\\\/saudeeatitude.com\\\/#\\\/schema\\\/logo\\\/image\\\/\",\"url\":\"https:\\\/\\\/saudeeatitude.com\\\/wp-content\\\/uploads\\\/2024\\\/04\\\/Design-sem-nome-18.png\",\"contentUrl\":\"https:\\\/\\\/saudeeatitude.com\\\/wp-content\\\/uploads\\\/2024\\\/04\\\/Design-sem-nome-18.png\",\"width\":300,\"height\":100,\"caption\":\"Sa\u00fade e Atitude\"},\"image\":{\"@id\":\"https:\\\/\\\/saudeeatitude.com\\\/#\\\/schema\\\/logo\\\/image\\\/\"}}]}<\/script>\n<!-- \/ Yoast SEO plugin. -->","yoast_head_json":{"title":"Politica de Cookies - Sa\u00fade e Atitude","robots":{"index":"index","follow":"follow","max-snippet":"max-snippet:-1","max-image-preview":"max-image-preview:large","max-video-preview":"max-video-preview:-1"},"canonical":"https:\/\/saudeeatitude.com\/index.php\/politica-de-cookies\/","og_locale":"pt_BR","og_type":"article","og_title":"Politica de Cookies - Sa\u00fade e Atitude","og_description":"Pol\u00edtica de Cookies &#8211; Sa\u00fade e Atitude O blog Sa\u00fade e Atitude usa cookies para melhorar sua experi\u00eancia de navega\u00e7\u00e3o em nosso site. Esta pol\u00edtica explica o que s\u00e3o cookies, como os usamos e como voc\u00ea pode control\u00e1-los. Se voc\u00ea tiver alguma d\u00favida sobre nossa Pol\u00edtica de Cookies, por favor, entre em contato conosco atrav\u00e9s ... Ler mais","og_url":"https:\/\/saudeeatitude.com\/index.php\/politica-de-cookies\/","og_site_name":"Sa\u00fade e Atitude","twitter_card":"summary_large_image","twitter_misc":{"Est. tempo de leitura":"2 minutos"},"schema":{"@context":"https:\/\/schema.org","@graph":[{"@type":"WebPage","@id":"https:\/\/saudeeatitude.com\/index.php\/politica-de-cookies\/","url":"https:\/\/saudeeatitude.com\/index.php\/politica-de-cookies\/","name":"Politica de Cookies - Sa\u00fade e Atitude","isPartOf":{"@id":"https:\/\/saudeeatitude.com\/#website"},"datePublished":"2024-04-12T14:13:40+00:00","breadcrumb":{"@id":"https:\/\/saudeeatitude.com\/index.php\/politica-de-cookies\/#breadcrumb"},"inLanguage":"pt-BR","potentialAction":[{"@type":"ReadAction","target":["https:\/\/saudeeatitude.com\/index.php\/politica-de-cookies\/"]}]},{"@type":"BreadcrumbList","@id":"https:\/\/saudeeatitude.com\/index.php\/politica-de-cookies\/#breadcrumb","itemListElement":[{"@type":"ListItem","position":1,"name":"In\u00edcio","item":"https:\/\/saudeeatitude.com\/"},{"@type":"ListItem","position":2,"name":"Politica de Cookies"}]},{"@type":"WebSite","@id":"https:\/\/saudeeatitude.com\/#website","url":"https:\/\/saudeeatitude.com\/","name":"Sa\u00fade e Atitude","description":"","publisher":{"@id":"https:\/\/saudeeatitude.com\/#organization"},"potentialAction":[{"@type":"SearchAction","target":{"@type":"EntryPoint","urlTemplate":"https:\/\/saudeeatitude.com\/?s={search_term_string}"},"query-input":{"@type":"PropertyValueSpecification","valueRequired":true,"valueName":"search_term_string"}}],"inLanguage":"pt-BR"},{"@type":"Organization","@id":"https:\/\/saudeeatitude.com\/#organization","name":"Sa\u00fade e Atitude","url":"https:\/\/saudeeatitude.com\/","logo":{"@type":"ImageObject","inLanguage":"pt-BR","@id":"https:\/\/saudeeatitude.com\/#\/schema\/logo\/image\/","url":"https:\/\/saudeeatitude.com\/wp-content\/uploads\/2024\/04\/Design-sem-nome-18.png","contentUrl":"https:\/\/saudeeatitude.com\/wp-content\/uploads\/2024\/04\/Design-sem-nome-18.png","width":300,"height":100,"caption":"Sa\u00fade e Atitude"},"image":{"@id":"https:\/\/saudeeatitude.com\/#\/schema\/logo\/image\/"}}]}},"_links":{"self":[{"href":"https:\/\/saudeeatitude.com\/index.php\/wp-json\/wp\/v2\/pages\/827","targetHints":{"allow":["GET"]}}],"collection":[{"href":"https:\/\/saudeeatitude.com\/index.php\/wp-json\/wp\/v2\/pages"}],"about":[{"href":"https:\/\/saudeeatitude.com\/index.php\/wp-json\/wp\/v2\/types\/page"}],"author":[{"embeddable":true,"href":"https:\/\/saudeeatitude.com\/index.php\/wp-json\/wp\/v2\/users\/1"}],"replies":[{"embeddable":true,"href":"https:\/\/saudeeatitude.com\/index.php\/wp-json\/wp\/v2\/comments?post=827"}],"version-history":[{"count":2,"href":"https:\/\/saudeeatitude.com\/index.php\/wp-json\/wp\/v2\/pages\/827\/revisions"}],"predecessor-version":[{"id":830,"href":"https:\/\/saudeeatitude.com\/index.php\/wp-json\/wp\/v2\/pages\/827\/revisions\/830"}],"wp:attachment":[{"href":"https:\/\/saudeeatitude.com\/index.php\/wp-json\/wp\/v2\/media?parent=827"}],"curies":[{"name":"wp","href":"https:\/\/api.w.org\/{rel}","templated":true}]}}