{"id":837,"date":"2024-04-12T11:18:01","date_gmt":"2024-04-12T14:18:01","guid":{"rendered":"https:\/\/saudeeatitude.com\/?page_id=837"},"modified":"2024-04-12T11:18:02","modified_gmt":"2024-04-12T14:18:02","slug":"politica-de-comentarios","status":"publish","type":"page","link":"https:\/\/saudeeatitude.com\/index.php\/politica-de-comentarios\/","title":{"rendered":"Politica de coment\u00e1rios"},"content":{"rendered":"\n<p>Pol\u00edtica de Coment\u00e1rios &#8211; Sa\u00fade e Atitude<\/p>\n\n\n\n<p>N\u00f3s do blog Sa\u00fade e Atitude valorizamos a intera\u00e7\u00e3o com nossos leitores e encorajamos coment\u00e1rios em nossas postagens. No entanto, para garantir uma experi\u00eancia positiva para todos, estabelecemos algumas diretrizes para coment\u00e1rios em nosso blog.<\/p>\n\n\n\n<ol class=\"wp-block-list\">\n<li>Respeito Trate todos com respeito. N\u00e3o toleramos linguagem ofensiva, insultos, discrimina\u00e7\u00e3o, amea\u00e7as ou ataques pessoais. Coment\u00e1rios contendo tal conte\u00fado ser\u00e3o removidos.<\/li>\n\n\n\n<li>Relev\u00e2ncia Mantenha seus coment\u00e1rios relevantes para a postagem em discuss\u00e3o. Coment\u00e1rios fora do t\u00f3pico podem ser removidos.<\/li>\n\n\n\n<li>Privacidade N\u00e3o compartilhe informa\u00e7\u00f5es pessoais, suas ou de outros, nos coment\u00e1rios. Isso inclui endere\u00e7os de e-mail, n\u00fameros de telefone, endere\u00e7os f\u00edsicos, etc.<\/li>\n\n\n\n<li>Promo\u00e7\u00e3o Coment\u00e1rios promocionais, spam ou links para outros sites n\u00e3o relacionados ao t\u00f3pico da postagem ser\u00e3o removidos.<\/li>\n\n\n\n<li>Responsabilidade Voc\u00ea \u00e9 respons\u00e1vel pelos coment\u00e1rios que posta. N\u00f3s n\u00e3o nos responsabilizamos pelo conte\u00fado postado por nossos leitores.<\/li>\n\n\n\n<li>Direitos Autorais N\u00e3o publique conte\u00fado protegido por direitos autorais sem permiss\u00e3o. Se voc\u00ea acredita que seu trabalho foi copiado de uma forma que constitui viola\u00e7\u00e3o de direitos autorais, por favor, entre em contato conosco.<\/li>\n\n\n\n<li>Modera\u00e7\u00e3o Todos os coment\u00e1rios s\u00e3o moderados antes de serem publicados. N\u00f3s nos reservamos o direito de editar ou remover qualquer coment\u00e1rio a qualquer momento e por qualquer motivo.<\/li>\n<\/ol>\n\n\n\n<p>Ao postar um coment\u00e1rio em nosso blog, voc\u00ea concorda em seguir estas diretrizes. Se voc\u00ea tiver alguma d\u00favida sobre nossa Pol\u00edtica de Coment\u00e1rios, por favor, entre em contato conosco atrav\u00e9s da nossa p\u00e1gina de contato.<\/p>\n\n\n\n<p>Equipe Sa\u00fade e Atitude<\/p>\n","protected":false},"excerpt":{"rendered":"<p>Pol\u00edtica de Coment\u00e1rios &#8211; Sa\u00fade e Atitude N\u00f3s do blog Sa\u00fade e Atitude valorizamos a intera\u00e7\u00e3o com nossos leitores e encorajamos coment\u00e1rios em nossas postagens. No entanto, para garantir uma experi\u00eancia positiva para todos, estabelecemos algumas diretrizes para coment\u00e1rios em nosso blog. Ao postar um coment\u00e1rio em nosso blog, voc\u00ea concorda em seguir estas diretrizes. &#8230; <a title=\"Politica de coment\u00e1rios\" class=\"read-more\" href=\"https:\/\/saudeeatitude.com\/index.php\/politica-de-comentarios\/\" aria-label=\"Read more about Politica de coment\u00e1rios\">Ler mais<\/a><\/p>\n","protected":false},"author":1,"featured_media":0,"parent":0,"menu_order":0,"comment_status":"closed","ping_status":"closed","template":"","meta":{"footnotes":""},"class_list":["post-837","page","type-page","status-publish"],"yoast_head":"<!-- This site is optimized with the Yoast SEO plugin v27.5 - https:\/\/yoast.com\/product\/yoast-seo-wordpress\/ -->\n<title>Politica de coment\u00e1rios - Sa\u00fade e Atitude<\/title>\n<meta name=\"robots\" content=\"index, follow, max-snippet:-1, max-image-preview:large, max-video-preview:-1\" \/>\n<link rel=\"canonical\" href=\"https:\/\/saudeeatitude.com\/index.php\/politica-de-comentarios\/\" \/>\n<meta property=\"og:locale\" content=\"pt_BR\" \/>\n<meta property=\"og:type\" content=\"article\" \/>\n<meta property=\"og:title\" content=\"Politica de coment\u00e1rios - Sa\u00fade e Atitude\" \/>\n<meta property=\"og:description\" content=\"Pol\u00edtica de Coment\u00e1rios &#8211; Sa\u00fade e Atitude N\u00f3s do blog Sa\u00fade e Atitude valorizamos a intera\u00e7\u00e3o com nossos leitores e encorajamos coment\u00e1rios em nossas postagens. No entanto, para garantir uma experi\u00eancia positiva para todos, estabelecemos algumas diretrizes para coment\u00e1rios em nosso blog. Ao postar um coment\u00e1rio em nosso blog, voc\u00ea concorda em seguir estas diretrizes. ... Ler mais\" \/>\n<meta property=\"og:url\" content=\"https:\/\/saudeeatitude.com\/index.php\/politica-de-comentarios\/\" \/>\n<meta property=\"og:site_name\" content=\"Sa\u00fade e Atitude\" \/>\n<meta property=\"article:modified_time\" content=\"2024-04-12T14:18:02+00:00\" \/>\n<meta name=\"twitter:card\" content=\"summary_large_image\" \/>\n<meta name=\"twitter:label1\" content=\"Est. tempo de leitura\" \/>\n\t<meta name=\"twitter:data1\" content=\"2 minutos\" \/>\n<script type=\"application\/ld+json\" class=\"yoast-schema-graph\">{\"@context\":\"https:\\\/\\\/schema.org\",\"@graph\":[{\"@type\":\"WebPage\",\"@id\":\"https:\\\/\\\/saudeeatitude.com\\\/index.php\\\/politica-de-comentarios\\\/\",\"url\":\"https:\\\/\\\/saudeeatitude.com\\\/index.php\\\/politica-de-comentarios\\\/\",\"name\":\"Politica de coment\u00e1rios - Sa\u00fade e Atitude\",\"isPartOf\":{\"@id\":\"https:\\\/\\\/saudeeatitude.com\\\/#website\"},\"datePublished\":\"2024-04-12T14:18:01+00:00\",\"dateModified\":\"2024-04-12T14:18:02+00:00\",\"breadcrumb\":{\"@id\":\"https:\\\/\\\/saudeeatitude.com\\\/index.php\\\/politica-de-comentarios\\\/#breadcrumb\"},\"inLanguage\":\"pt-BR\",\"potentialAction\":[{\"@type\":\"ReadAction\",\"target\":[\"https:\\\/\\\/saudeeatitude.com\\\/index.php\\\/politica-de-comentarios\\\/\"]}]},{\"@type\":\"BreadcrumbList\",\"@id\":\"https:\\\/\\\/saudeeatitude.com\\\/index.php\\\/politica-de-comentarios\\\/#breadcrumb\",\"itemListElement\":[{\"@type\":\"ListItem\",\"position\":1,\"name\":\"In\u00edcio\",\"item\":\"https:\\\/\\\/saudeeatitude.com\\\/\"},{\"@type\":\"ListItem\",\"position\":2,\"name\":\"Politica de coment\u00e1rios\"}]},{\"@type\":\"WebSite\",\"@id\":\"https:\\\/\\\/saudeeatitude.com\\\/#website\",\"url\":\"https:\\\/\\\/saudeeatitude.com\\\/\",\"name\":\"Sa\u00fade e Atitude\",\"description\":\"\",\"publisher\":{\"@id\":\"https:\\\/\\\/saudeeatitude.com\\\/#organization\"},\"potentialAction\":[{\"@type\":\"SearchAction\",\"target\":{\"@type\":\"EntryPoint\",\"urlTemplate\":\"https:\\\/\\\/saudeeatitude.com\\\/?s={search_term_string}\"},\"query-input\":{\"@type\":\"PropertyValueSpecification\",\"valueRequired\":true,\"valueName\":\"search_term_string\"}}],\"inLanguage\":\"pt-BR\"},{\"@type\":\"Organization\",\"@id\":\"https:\\\/\\\/saudeeatitude.com\\\/#organization\",\"name\":\"Sa\u00fade e Atitude\",\"url\":\"https:\\\/\\\/saudeeatitude.com\\\/\",\"logo\":{\"@type\":\"ImageObject\",\"inLanguage\":\"pt-BR\",\"@id\":\"https:\\\/\\\/saudeeatitude.com\\\/#\\\/schema\\\/logo\\\/image\\\/\",\"url\":\"https:\\\/\\\/saudeeatitude.com\\\/wp-content\\\/uploads\\\/2024\\\/04\\\/Design-sem-nome-18.png\",\"contentUrl\":\"https:\\\/\\\/saudeeatitude.com\\\/wp-content\\\/uploads\\\/2024\\\/04\\\/Design-sem-nome-18.png\",\"width\":300,\"height\":100,\"caption\":\"Sa\u00fade e Atitude\"},\"image\":{\"@id\":\"https:\\\/\\\/saudeeatitude.com\\\/#\\\/schema\\\/logo\\\/image\\\/\"}}]}<\/script>\n<!-- \/ Yoast SEO plugin. -->","yoast_head_json":{"title":"Politica de coment\u00e1rios - Sa\u00fade e Atitude","robots":{"index":"index","follow":"follow","max-snippet":"max-snippet:-1","max-image-preview":"max-image-preview:large","max-video-preview":"max-video-preview:-1"},"canonical":"https:\/\/saudeeatitude.com\/index.php\/politica-de-comentarios\/","og_locale":"pt_BR","og_type":"article","og_title":"Politica de coment\u00e1rios - Sa\u00fade e Atitude","og_description":"Pol\u00edtica de Coment\u00e1rios &#8211; Sa\u00fade e Atitude N\u00f3s do blog Sa\u00fade e Atitude valorizamos a intera\u00e7\u00e3o com nossos leitores e encorajamos coment\u00e1rios em nossas postagens. No entanto, para garantir uma experi\u00eancia positiva para todos, estabelecemos algumas diretrizes para coment\u00e1rios em nosso blog. Ao postar um coment\u00e1rio em nosso blog, voc\u00ea concorda em seguir estas diretrizes. ... Ler mais","og_url":"https:\/\/saudeeatitude.com\/index.php\/politica-de-comentarios\/","og_site_name":"Sa\u00fade e Atitude","article_modified_time":"2024-04-12T14:18:02+00:00","twitter_card":"summary_large_image","twitter_misc":{"Est. tempo de leitura":"2 minutos"},"schema":{"@context":"https:\/\/schema.org","@graph":[{"@type":"WebPage","@id":"https:\/\/saudeeatitude.com\/index.php\/politica-de-comentarios\/","url":"https:\/\/saudeeatitude.com\/index.php\/politica-de-comentarios\/","name":"Politica de coment\u00e1rios - Sa\u00fade e Atitude","isPartOf":{"@id":"https:\/\/saudeeatitude.com\/#website"},"datePublished":"2024-04-12T14:18:01+00:00","dateModified":"2024-04-12T14:18:02+00:00","breadcrumb":{"@id":"https:\/\/saudeeatitude.com\/index.php\/politica-de-comentarios\/#breadcrumb"},"inLanguage":"pt-BR","potentialAction":[{"@type":"ReadAction","target":["https:\/\/saudeeatitude.com\/index.php\/politica-de-comentarios\/"]}]},{"@type":"BreadcrumbList","@id":"https:\/\/saudeeatitude.com\/index.php\/politica-de-comentarios\/#breadcrumb","itemListElement":[{"@type":"ListItem","position":1,"name":"In\u00edcio","item":"https:\/\/saudeeatitude.com\/"},{"@type":"ListItem","position":2,"name":"Politica de coment\u00e1rios"}]},{"@type":"WebSite","@id":"https:\/\/saudeeatitude.com\/#website","url":"https:\/\/saudeeatitude.com\/","name":"Sa\u00fade e Atitude","description":"","publisher":{"@id":"https:\/\/saudeeatitude.com\/#organization"},"potentialAction":[{"@type":"SearchAction","target":{"@type":"EntryPoint","urlTemplate":"https:\/\/saudeeatitude.com\/?s={search_term_string}"},"query-input":{"@type":"PropertyValueSpecification","valueRequired":true,"valueName":"search_term_string"}}],"inLanguage":"pt-BR"},{"@type":"Organization","@id":"https:\/\/saudeeatitude.com\/#organization","name":"Sa\u00fade e Atitude","url":"https:\/\/saudeeatitude.com\/","logo":{"@type":"ImageObject","inLanguage":"pt-BR","@id":"https:\/\/saudeeatitude.com\/#\/schema\/logo\/image\/","url":"https:\/\/saudeeatitude.com\/wp-content\/uploads\/2024\/04\/Design-sem-nome-18.png","contentUrl":"https:\/\/saudeeatitude.com\/wp-content\/uploads\/2024\/04\/Design-sem-nome-18.png","width":300,"height":100,"caption":"Sa\u00fade e Atitude"},"image":{"@id":"https:\/\/saudeeatitude.com\/#\/schema\/logo\/image\/"}}]}},"_links":{"self":[{"href":"https:\/\/saudeeatitude.com\/index.php\/wp-json\/wp\/v2\/pages\/837","targetHints":{"allow":["GET"]}}],"collection":[{"href":"https:\/\/saudeeatitude.com\/index.php\/wp-json\/wp\/v2\/pages"}],"about":[{"href":"https:\/\/saudeeatitude.com\/index.php\/wp-json\/wp\/v2\/types\/page"}],"author":[{"embeddable":true,"href":"https:\/\/saudeeatitude.com\/index.php\/wp-json\/wp\/v2\/users\/1"}],"replies":[{"embeddable":true,"href":"https:\/\/saudeeatitude.com\/index.php\/wp-json\/wp\/v2\/comments?post=837"}],"version-history":[{"count":1,"href":"https:\/\/saudeeatitude.com\/index.php\/wp-json\/wp\/v2\/pages\/837\/revisions"}],"predecessor-version":[{"id":838,"href":"https:\/\/saudeeatitude.com\/index.php\/wp-json\/wp\/v2\/pages\/837\/revisions\/838"}],"wp:attachment":[{"href":"https:\/\/saudeeatitude.com\/index.php\/wp-json\/wp\/v2\/media?parent=837"}],"curies":[{"name":"wp","href":"https:\/\/api.w.org\/{rel}","templated":true}]}}